{"id":14,"date":"2026-01-08T14:42:30","date_gmt":"2026-01-08T14:42:30","guid":{"rendered":"https:\/\/psylatec.com\/about\/"},"modified":"2026-01-19T08:39:23","modified_gmt":"2026-01-19T08:39:23","slug":"about","status":"publish","type":"page","link":"https:\/\/psylatec.com\/?page_id=14","title":{"rendered":"About"},"content":{"rendered":"\t\t<div data-elementor-type=\"wp-page\" data-elementor-id=\"14\" class=\"elementor elementor-14\">\n\t\t\t\t<div class=\"elementor-element elementor-element-4094ee7 e-flex e-con-boxed e-con e-parent\" data-id=\"4094ee7\" data-element_type=\"container\" data-settings=\"{&quot;background_background&quot;:&quot;classic&quot;}\">\n\t\t\t\t\t<div class=\"e-con-inner\">\n\t\t<div class=\"elementor-element elementor-element-8695738 e-con-full e-flex e-con e-child\" data-id=\"8695738\" data-element_type=\"container\">\n\t\t\t\t<div class=\"elementor-element elementor-element-2646c9c elementor-widget elementor-widget-heading\" data-id=\"2646c9c\" data-element_type=\"widget\" data-widget_type=\"heading.default\">\n\t\t\t\t<div class=\"elementor-widget-container\">\n\t\t\t\t\t<h1 class=\"elementor-heading-title elementor-size-default\">v\u1ec1 psylatec<\/h1>\t\t\t\t<\/div>\n\t\t\t\t<\/div>\n\t\t\t\t<\/div>\n\t\t\t\t\t<\/div>\n\t\t\t\t<\/div>\n\t\t<div class=\"elementor-element elementor-element-e90f62c e-flex e-con-boxed e-con e-parent\" data-id=\"e90f62c\" data-element_type=\"container\">\n\t\t\t\t\t<div class=\"e-con-inner\">\n\t\t<div class=\"elementor-element elementor-element-0c682a2 e-con-full e-flex e-con e-child\" data-id=\"0c682a2\" data-element_type=\"container\">\n\t\t\t\t<div class=\"elementor-element elementor-element-cc91ee5 elementor-widget elementor-widget-image\" data-id=\"cc91ee5\" data-element_type=\"widget\" data-widget_type=\"image.default\">\n\t\t\t\t<div class=\"elementor-widget-container\">\n\t\t\t\t\t\t\t\t\t\t\t\t\t\t\t<img fetchpriority=\"high\" decoding=\"async\" width=\"1707\" height=\"2560\" src=\"https:\/\/psylatec.com\/wp-content\/uploads\/2026\/01\/pexels-photo-7235813-7235813-scaled.jpg\" class=\"attachment-full size-full wp-image-1855\" alt=\"Flat lay of travel items including a map, compass, and flowers, inspiring adventure.\" srcset=\"https:\/\/psylatec.com\/wp-content\/uploads\/2026\/01\/pexels-photo-7235813-7235813-scaled.jpg 1707w, https:\/\/psylatec.com\/wp-content\/uploads\/2026\/01\/pexels-photo-7235813-7235813-scaled-600x900.jpg 600w, https:\/\/psylatec.com\/wp-content\/uploads\/2026\/01\/pexels-photo-7235813-7235813-200x300.jpg 200w, https:\/\/psylatec.com\/wp-content\/uploads\/2026\/01\/pexels-photo-7235813-7235813-683x1024.jpg 683w, https:\/\/psylatec.com\/wp-content\/uploads\/2026\/01\/pexels-photo-7235813-7235813-768x1152.jpg 768w, https:\/\/psylatec.com\/wp-content\/uploads\/2026\/01\/pexels-photo-7235813-7235813-1024x1536.jpg 1024w, https:\/\/psylatec.com\/wp-content\/uploads\/2026\/01\/pexels-photo-7235813-7235813-1365x2048.jpg 1365w\" sizes=\"(max-width: 1707px) 100vw, 1707px\" \/>\t\t\t\t\t\t\t\t\t\t\t\t\t\t\t<\/div>\n\t\t\t\t<\/div>\n\t\t\t\t<\/div>\n\t\t<div class=\"elementor-element elementor-element-b29abee e-con-full e-flex e-con e-child\" data-id=\"b29abee\" data-element_type=\"container\">\n\t\t\t\t<div class=\"elementor-element elementor-element-f095111 elementor-widget elementor-widget-heading\" data-id=\"f095111\" data-element_type=\"widget\" data-widget_type=\"heading.default\">\n\t\t\t\t<div class=\"elementor-widget-container\">\n\t\t\t\t\t<h2 class=\"elementor-heading-title elementor-size-default\">s\u1ee9 m\u1ec7nh<\/h2>\t\t\t\t<\/div>\n\t\t\t\t<\/div>\n\t\t\t\t<div class=\"elementor-element elementor-element-5990b83 elementor-widget elementor-widget-text-editor\" data-id=\"5990b83\" data-element_type=\"widget\" data-widget_type=\"text-editor.default\">\n\t\t\t\t<div class=\"elementor-widget-container\">\n\t\t\t\t\t\t\t\t\t<p>PSYLATEC ch\u1eaft l\u1ecdc t\u1eeb c\u00e1c h\u1ecdc thuy\u1ebft t\u00e2m l\u00fd h\u1ecdc v\u00e0 h\u01b0\u1edbng nghi\u1ec7p \u0111\u01b0\u1ee3c th\u1eeba nh\u1eadn tr\u00ean th\u1ebf gi\u1edbi, k\u1ebft h\u1ee3p v\u1edbi kinh nghi\u1ec7m th\u1ef1c h\u00e0nh chuy\u00ean m\u00f4n trong \u0111\u00e1nh gi\u00e1 v\u00e0 tham v\u1ea5n t\u00e2m l\u00fd. Ch\u00fang t\u00f4i cung c\u1ea5p c\u00e1c g\u00f3i tr\u1eafc nghi\u1ec7m t\u00e2m l\u00fd v\u00e0 h\u01b0\u1edbng nghi\u1ec7p mang t\u00ednh \u1ee9ng d\u1ee5ng cao, ti\u1ebfp c\u1eadn to\u00e0n di\u1ec7n gi\u00fap b\u1ea1n th\u1ea5u hi\u1ec3u \u0111\u01b0\u1ee3c n\u0103ng l\u1ef1c, xu h\u01b0\u1edbng t\u00ednh c\u00e1ch, gi\u00e1 tr\u1ecb s\u1ed1ng c\u1ee7a b\u1ea3n th\u00e2n t\u1eeb \u0111\u00f3 b\u1ea1n c\u00f3 th\u1ec3 \u0111\u01b0a ra c\u00e1c l\u1ef1a ch\u1ecdn h\u1ecdc t\u1eadp, ngh\u1ec1 nghi\u1ec7p v\u00e0 ph\u00e1t tri\u1ec3n c\u00e1 nh\u00e2n ph\u00f9 h\u1ee3p v\u1edbi th\u1ef1c t\u1ebf \u0111\u1eddi s\u1ed1ng v\u00e0 b\u1ea3n s\u1eafc c\u1ee7a c\u00e1 nh\u00e2n m\u00ecnh.<\/p>\t\t\t\t\t\t\t\t<\/div>\n\t\t\t\t<\/div>\n\t\t\t\t<\/div>\n\t\t\t\t\t<\/div>\n\t\t\t\t<\/div>\n\t\t<div class=\"elementor-element elementor-element-9913187 e-flex e-con-boxed e-con e-parent\" data-id=\"9913187\" data-element_type=\"container\" data-settings=\"{&quot;background_background&quot;:&quot;classic&quot;}\">\n\t\t\t\t\t<div class=\"e-con-inner\">\n\t\t<div class=\"elementor-element elementor-element-0f074f2 e-con-full e-flex e-con e-child\" data-id=\"0f074f2\" data-element_type=\"container\">\n\t\t\t\t<div class=\"elementor-element elementor-element-38e2fd9 elementor-widget elementor-widget-hfe-infocard\" data-id=\"38e2fd9\" data-element_type=\"widget\" data-widget_type=\"hfe-infocard.default\">\n\t\t\t\t<div class=\"elementor-widget-container\">\n\t\t\t\t\t\n\t\t<div class=\"hfe-infocard\">\n\t\t\t\t\t\t\t\t\t<div class=\"hfe-infocard-title-wrap\">\n\t\t\t\t<h2 class=\"hfe-infocard-title elementor-inline-editing\" data-elementor-setting-key=\"infocard_title\" data-elementor-inline-editing-toolbar=\"basic\" >Talk to us<\/h2>\t\t\t<\/div>\n\t\t\t\t\t\t<div class=\"hfe-infocard-text-wrap\">\n\t\t\t\t<div class=\"hfe-infocard-text elementor-inline-editing\" data-elementor-setting-key=\"infocard_description\" data-elementor-inline-editing-toolbar=\"advanced\">\n\t\t\t\t\tHave any questions? We are always open to talk about your business, new projects, creative opportunities and how we can help you.\t\t\t\t<\/div>\n\t\t\t\t\t\t\t<\/div>\n\t\t<\/div>\n\n\t\t\t\t\t\t<\/div>\n\t\t\t\t<\/div>\n\t\t\t\t<div class=\"elementor-element elementor-element-4f55473 elementor-align-center elementor-widget elementor-widget-button\" data-id=\"4f55473\" data-element_type=\"widget\" data-widget_type=\"button.default\">\n\t\t\t\t<div class=\"elementor-widget-container\">\n\t\t\t\t\t\t\t\t\t<div class=\"elementor-button-wrapper\">\n\t\t\t\t\t<a class=\"elementor-button elementor-button-link elementor-size-sm\" href=\"#\">\n\t\t\t\t\t\t<span class=\"elementor-button-content-wrapper\">\n\t\t\t\t\t\t\t\t\t<span class=\"elementor-button-text\">Get In Touch<\/span>\n\t\t\t\t\t<\/span>\n\t\t\t\t\t<\/a>\n\t\t\t\t<\/div>\n\t\t\t\t\t\t\t\t<\/div>\n\t\t\t\t<\/div>\n\t\t\t\t<\/div>\n\t\t\t\t\t<\/div>\n\t\t\t\t<\/div>\n\t\t\t\t<\/div>\n\t\t","protected":false},"excerpt":{"rendered":"<p>v\u1ec1 psylatec s\u1ee9 m\u1ec7nh PSYLATEC ch\u1eaft l\u1ecdc t\u1eeb c\u00e1c h\u1ecdc thuy\u1ebft t\u00e2m l\u00fd h\u1ecdc v\u00e0 h\u01b0\u1edbng nghi\u1ec7p \u0111\u01b0\u1ee3c th\u1eeba nh\u1eadn tr\u00ean th\u1ebf gi\u1edbi, k\u1ebft h\u1ee3p v\u1edbi kinh nghi\u1ec7m th\u1ef1c h\u00e0nh chuy\u00ean m\u00f4n trong \u0111\u00e1nh gi\u00e1 v\u00e0 tham v\u1ea5n t\u00e2m l\u00fd. Ch\u00fang t\u00f4i cung c\u1ea5p c\u00e1c g\u00f3i tr\u1eafc nghi\u1ec7m t\u00e2m l\u00fd v\u00e0 h\u01b0\u1edbng nghi\u1ec7p mang t\u00ednh [&hellip;]<\/p>\n","protected":false},"author":1,"featured_media":0,"parent":0,"menu_order":0,"comment_status":"closed","ping_status":"closed","template":"","meta":{"site-sidebar-layout":"no-sidebar","site-content-layout":"page-builder","ast-site-content-layout":"default","site-content-style":"default","site-sidebar-style":"default","ast-global-header-display":"","ast-banner-title-visibility":"","ast-main-header-display":"","ast-hfb-above-header-display":"","ast-hfb-below-header-display":"","ast-hfb-mobile-header-display":"","site-post-title":"disabled","ast-breadcrumbs-content":"","ast-featured-img":"disabled","footer-sml-layout":"","ast-disable-related-posts":"","theme-transparent-header-meta":"enabled","adv-header-id-meta":"","stick-header-meta":"","header-above-stick-meta":"","header-main-stick-meta":"","header-below-stick-meta":"","astra-migrate-meta-layouts":"default","ast-page-background-enabled":"default","ast-page-background-meta":{"desktop":{"background-color":"var(--ast-global-color-4)","background-image":"","background-repeat":"repeat","background-position":"center center","background-size":"auto","background-attachment":"scroll","background-type":"","background-media":"","overlay-type":"","overlay-color":"","overlay-opacity":"","overlay-gradient":""},"tablet":{"background-color":"","background-image":"","background-repeat":"repeat","background-position":"center center","background-size":"auto","background-attachment":"scroll","background-type":"","background-media":"","overlay-type":"","overlay-color":"","overlay-opacity":"","overlay-gradient":""},"mobile":{"background-color":"","background-image":"","background-repeat":"repeat","background-position":"center center","background-size":"auto","background-attachment":"scroll","background-type":"","background-media":"","overlay-type":"","overlay-color":"","overlay-opacity":"","overlay-gradient":""}},"ast-content-background-meta":{"desktop":{"background-color":"var(--ast-global-color-5)","background-image":"","background-repeat":"repeat","background-position":"center center","background-size":"auto","background-attachment":"scroll","background-type":"","background-media":"","overlay-type":"","overlay-color":"","overlay-opacity":"","overlay-gradient":""},"tablet":{"background-color":"var(--ast-global-color-5)","background-image":"","background-repeat":"repeat","background-position":"center center","background-size":"auto","background-attachment":"scroll","background-type":"","background-media":"","overlay-type":"","overlay-color":"","overlay-opacity":"","overlay-gradient":""},"mobile":{"background-color":"var(--ast-global-color-5)","background-image":"","background-repeat":"repeat","background-position":"center center","background-size":"auto","background-attachment":"scroll","background-type":"","background-media":"","overlay-type":"","overlay-color":"","overlay-opacity":"","overlay-gradient":""}},"footnotes":""},"class_list":["post-14","page","type-page","status-publish","hentry"],"_hostinger_reach_plugin_has_subscription_block":false,"_hostinger_reach_plugin_is_elementor":false,"_links":{"self":[{"href":"https:\/\/psylatec.com\/index.php?rest_route=\/wp\/v2\/pages\/14","targetHints":{"allow":["GET"]}}],"collection":[{"href":"https:\/\/psylatec.com\/index.php?rest_route=\/wp\/v2\/pages"}],"about":[{"href":"https:\/\/psylatec.com\/index.php?rest_route=\/wp\/v2\/types\/page"}],"author":[{"embeddable":true,"href":"https:\/\/psylatec.com\/index.php?rest_route=\/wp\/v2\/users\/1"}],"replies":[{"embeddable":true,"href":"https:\/\/psylatec.com\/index.php?rest_route=%2Fwp%2Fv2%2Fcomments&post=14"}],"version-history":[{"count":9,"href":"https:\/\/psylatec.com\/index.php?rest_route=\/wp\/v2\/pages\/14\/revisions"}],"predecessor-version":[{"id":2100,"href":"https:\/\/psylatec.com\/index.php?rest_route=\/wp\/v2\/pages\/14\/revisions\/2100"}],"wp:attachment":[{"href":"https:\/\/psylatec.com\/index.php?rest_route=%2Fwp%2Fv2%2Fmedia&parent=14"}],"curies":[{"name":"wp","href":"https:\/\/api.w.org\/{rel}","templated":true}]}}